{"id":5260,"date":"2024-07-01T18:26:04","date_gmt":"2024-07-01T18:26:04","guid":{"rendered":"https:\/\/porndebate.com\/contato\/"},"modified":"2025-07-05T07:08:22","modified_gmt":"2025-07-05T07:08:22","slug":"contato","status":"publish","type":"page","link":"https:\/\/porndebate.com\/pt-br\/contato\/","title":{"rendered":"Contato"},"content":{"rendered":"\r\n<div class=\"wp-block-columns is-layout-flex wp-container-core-columns-is-layout-1 wp-block-columns-is-layout-flex\">\r\n<div class=\"wp-block-column is-layout-flow wp-block-column-is-layout-flow\" style=\"flex-basis: 33.33%;\">&#13;\n<p>Ol\u00e1!<\/p>&#13;\n\r\n\r\n&#13;\n<p>Agradecemos muito o seu interesse pelo Porn Debate e por querer entrar em contato conosco. Seus coment\u00e1rios, perguntas e pensamentos s\u00e3o muito importantes. <\/p>&#13;\n\r\n\r\n&#13;\n<p>Se tiver alguma pergunta a fazer ou apenas quiser compartilhar suas opini\u00f5es sobre o site ou nossas avalia\u00e7\u00f5es, envie-nos um e-mail para <a href=\"mailto:info@porndebate.com\" target=\"_blank\" rel=\"noreferrer noopener\">info@porndebate.com<\/a>. N\u00f3s lemos pessoalmente todas as mensagens e fazemos o poss\u00edvel para responder em um ou dois dias. <\/p>&#13;\n\r\n\r\n&#13;\n<p>Tem alguma pergunta ou coment\u00e1rio sobre um site porn\u00f4 espec\u00edfico que analisamos? Basta incluir o nome do site na linha de assunto do seu e-mail e saberemos exatamente do que voc\u00ea est\u00e1 falando. <\/p>&#13;\n\r\n\r\n&#13;\n<p>\u00a0<\/p>&#13;\n<\/div>\r\n\r\n\r\n\r\n<div class=\"wp-block-column is-layout-flow wp-block-column-is-layout-flow\" style=\"flex-basis: 66.66%;\">\n<div class=\"wpcf7 no-js\" id=\"wpcf7-f783-o1\" lang=\"en-US\" dir=\"ltr\">\n<div class=\"screen-reader-response\"><p role=\"status\" aria-live=\"polite\" aria-atomic=\"true\"><\/p> <ul><\/ul><\/div>\n<form action=\"\/pt-br\/wp-json\/wp\/v2\/pages\/5260#wpcf7-f783-o1\" method=\"post\" class=\"wpcf7-form init\" aria-label=\"Contact form\" novalidate=\"novalidate\" data-status=\"init\">\n<div style=\"display: none;\">\n<input type=\"hidden\" name=\"_wpcf7\" value=\"783\" \/>\n<input type=\"hidden\" name=\"_wpcf7_version\" value=\"5.9.7\" \/>\n<input type=\"hidden\" name=\"_wpcf7_locale\" value=\"en_US\" \/>\n<input type=\"hidden\" name=\"_wpcf7_unit_tag\" value=\"wpcf7-f783-o1\" \/>\n<input type=\"hidden\" name=\"_wpcf7_container_post\" value=\"0\" \/>\n<input type=\"hidden\" name=\"_wpcf7_posted_data_hash\" value=\"\" \/>\n<\/div>\n<p><label> Your name<br \/>\n<span class=\"wpcf7-form-control-wrap\" data-name=\"your-name\"><input size=\"40\" maxlength=\"400\" class=\"wpcf7-form-control wpcf7-text wpcf7-validates-as-required\" autocomplete=\"name\" aria-required=\"true\" aria-invalid=\"false\" value=\"\" type=\"text\" name=\"your-name\" \/><\/span> <\/label>\n<\/p>\n<p><label> Your email<br \/>\n<span class=\"wpcf7-form-control-wrap\" data-name=\"your-email\"><input size=\"40\" maxlength=\"400\" class=\"wpcf7-form-control wpcf7-email wpcf7-validates-as-required wpcf7-text wpcf7-validates-as-email\" autocomplete=\"email\" aria-required=\"true\" aria-invalid=\"false\" value=\"\" type=\"email\" name=\"your-email\" \/><\/span> <\/label>\n<\/p>\n<p><label> Subject<br \/>\n<span class=\"wpcf7-form-control-wrap\" data-name=\"your-subject\"><input size=\"40\" maxlength=\"400\" class=\"wpcf7-form-control wpcf7-text wpcf7-validates-as-required\" aria-required=\"true\" aria-invalid=\"false\" value=\"\" type=\"text\" name=\"your-subject\" \/><\/span> <\/label>\n<\/p>\n<p><label> Your message (optional)<br \/>\n<span class=\"wpcf7-form-control-wrap\" data-name=\"your-message\"><textarea cols=\"40\" rows=\"10\" maxlength=\"2000\" class=\"wpcf7-form-control wpcf7-textarea\" aria-invalid=\"false\" name=\"your-message\"><\/textarea><\/span> <\/label>\n<\/p>\n<p><input class=\"wpcf7-form-control wpcf7-submit has-spinner\" type=\"submit\" value=\"Submit\" \/>\n<\/p><div class=\"wpcf7-response-output\" aria-hidden=\"true\"><\/div>\n<\/form>\n<\/div>\n\n<\/div>\r\n<\/div>\r\n","protected":false},"excerpt":{"rendered":"<p>&#13; Ol\u00e1! &#13; &#13; Agradecemos muito o seu interesse pelo Porn Debate e por querer entrar em contato conosco. Seus coment\u00e1rios, perguntas e pensamentos s\u00e3o muito importantes. &#13; &#13; Se tiver alguma pergunta a fazer ou apenas quiser compartilhar suas opini\u00f5es sobre o site ou nossas avalia\u00e7\u00f5es, envie-nos um e-mail para info@porndebate.com. N\u00f3s lemos pessoalmente&#8230; <a class=\"moretag\" href=\"https:\/\/porndebate.com\/pt-br\/contato\/\">[Read the full review]<\/a><\/p>\n","protected":false},"author":1,"featured_media":0,"parent":0,"menu_order":0,"comment_status":"closed","ping_status":"closed","template":"","meta":{"_acf_changed":false,"footnotes":""},"class_list":["post-5260","page","type-page","status-publish","hentry"],"acf":[],"_links":{"self":[{"href":"https:\/\/porndebate.com\/pt-br\/wp-json\/wp\/v2\/pages\/5260","targetHints":{"allow":["GET"]}}],"collection":[{"href":"https:\/\/porndebate.com\/pt-br\/wp-json\/wp\/v2\/pages"}],"about":[{"href":"https:\/\/porndebate.com\/pt-br\/wp-json\/wp\/v2\/types\/page"}],"author":[{"embeddable":true,"href":"https:\/\/porndebate.com\/pt-br\/wp-json\/wp\/v2\/users\/1"}],"replies":[{"embeddable":true,"href":"https:\/\/porndebate.com\/pt-br\/wp-json\/wp\/v2\/comments?post=5260"}],"version-history":[{"count":1,"href":"https:\/\/porndebate.com\/pt-br\/wp-json\/wp\/v2\/pages\/5260\/revisions"}],"predecessor-version":[{"id":5261,"href":"https:\/\/porndebate.com\/pt-br\/wp-json\/wp\/v2\/pages\/5260\/revisions\/5261"}],"wp:attachment":[{"href":"https:\/\/porndebate.com\/pt-br\/wp-json\/wp\/v2\/media?parent=5260"}],"curies":[{"name":"wp","href":"https:\/\/api.w.org\/{rel}","templated":true}]}}