{"id":5254,"date":"2015-01-29T08:49:59","date_gmt":"2015-01-29T08:49:59","guid":{"rendered":"https:\/\/porndebate.com\/sobre-nos\/"},"modified":"2025-07-05T07:03:33","modified_gmt":"2025-07-05T07:03:33","slug":"sobre-nos","status":"publish","type":"page","link":"https:\/\/porndebate.com\/pt-br\/sobre-nos\/","title":{"rendered":"Sobre n\u00f3s"},"content":{"rendered":"&#13;\n<p><strong data-start=\"50\" data-end=\"98\">Ol\u00e1, aqui s\u00e3o os administradores do Porn Debate.<\/strong> Estamos envolvidos com o setor de entretenimento adulto h\u00e1 mais tempo do que gostar\u00edamos de admitir. Ao longo dos anos, vimos nosso quinh\u00e3o de sites pornogr\u00e1ficos de baixa qualidade &#8211; aqueles com v\u00eddeos de baixa qualidade, an\u00fancios malfeitos e mais v\u00edrus do que um bordel barato. Sinceramente, ficamos cansados de perder nosso tempo com pornografia de baixa qualidade.  <\/p>&#13;\n&#13;\n<h2 class=\"wp-block-heading\">Nossa miss\u00e3o<\/h2>&#13;\n&#13;\n<p>Criamos o Porn Debate para ajudar outros pervertidos como voc\u00ea a encontrar a nata da cultura quando se trata de entretenimento adulto on-line. Tornamos nossa miss\u00e3o pessoal analisar e classificar o vasto oceano de sites pornogr\u00e1ficos existentes para que voc\u00ea n\u00e3o precise passar horas vasculhando os res\u00edduos da Internet apenas para se excitar. <\/p>&#13;\n&#13;\n<h2 class=\"wp-block-heading\">Nosso processo de revis\u00e3o<\/h2>&#13;\n&#13;\n<p class=\"\" data-start=\"793\" data-end=\"1231\">Quando dizemos que analisamos esses sites, estamos falando s\u00e9rio &#8211; independentemente de estarmos falando de sites de c\u00e2meras ao vivo, plataformas pornogr\u00e1ficas premium, pornografia VR ou quadrinhos Hentai. Testamos pessoalmente cada um dos sites apresentados no Porn Debate, mergulhando fundo nos bancos de dados para oferecer a voc\u00ea as avalia\u00e7\u00f5es mais detalhadas, honestas e imparciais poss\u00edveis. N\u00e3o estamos aqui para engan\u00e1-lo nem para ado\u00e7ar as coisas &#8211; se um site for uma grande porcaria, n\u00f3s lhe diremos diretamente.  <\/p>&#13;\n<p class=\"\" data-start=\"1233\" data-end=\"1530\">Com tantos sites, categorias e taras por a\u00ed, pode ser dif\u00edcil saber por onde come\u00e7ar. \u00c9 a\u00ed que entram nossas an\u00e1lises detalhadas e classifica\u00e7\u00f5es cuidadosamente selecionadas. N\u00f3s o ajudaremos a encontrar exatamente o que voc\u00ea est\u00e1 procurando, quer voc\u00ea seja do tipo softcore baunilha ou um tarado por fetiche hardcore.  <\/p>&#13;\n<p class=\"\" data-start=\"1532\" data-end=\"1779\">No final das contas, somos apenas pessoas comuns que adoram pornografia e detestam perder tempo em sites de baixa qualidade. Colocamos nosso sangue, suor e outros fluidos corporais no Porn Debate para criar o recurso definitivo para encontrar os melhores sites adultos on-line. <\/p>&#13;\n<p class=\"\" data-start=\"1781\" data-end=\"1885\">Se quiser entrar em contato conosco, v\u00e1 para a p\u00e1gina Contato ou envie um e-mail para <strong><a rel=\"noopener\" data-start=\"1863\" data-end=\"1882\">info@porndebate.com.<\/a><\/strong><\/p>&#13;\n","protected":false},"excerpt":{"rendered":"<p>&#13; Ol\u00e1, aqui s\u00e3o os administradores do Porn Debate. Estamos envolvidos com o setor de entretenimento adulto h\u00e1 mais tempo do que gostar\u00edamos de admitir. Ao longo dos anos, vimos nosso quinh\u00e3o de sites pornogr\u00e1ficos de baixa qualidade &#8211; aqueles com v\u00eddeos de baixa qualidade, an\u00fancios malfeitos e mais v\u00edrus do que um bordel barato&#8230;. <a class=\"moretag\" href=\"https:\/\/porndebate.com\/pt-br\/sobre-nos\/\">[Read the full review]<\/a><\/p>\n","protected":false},"author":1,"featured_media":0,"parent":0,"menu_order":0,"comment_status":"closed","ping_status":"closed","template":"","meta":{"_acf_changed":false,"footnotes":""},"class_list":["post-5254","page","type-page","status-publish","hentry"],"acf":[],"_links":{"self":[{"href":"https:\/\/porndebate.com\/pt-br\/wp-json\/wp\/v2\/pages\/5254","targetHints":{"allow":["GET"]}}],"collection":[{"href":"https:\/\/porndebate.com\/pt-br\/wp-json\/wp\/v2\/pages"}],"about":[{"href":"https:\/\/porndebate.com\/pt-br\/wp-json\/wp\/v2\/types\/page"}],"author":[{"embeddable":true,"href":"https:\/\/porndebate.com\/pt-br\/wp-json\/wp\/v2\/users\/1"}],"replies":[{"embeddable":true,"href":"https:\/\/porndebate.com\/pt-br\/wp-json\/wp\/v2\/comments?post=5254"}],"version-history":[{"count":1,"href":"https:\/\/porndebate.com\/pt-br\/wp-json\/wp\/v2\/pages\/5254\/revisions"}],"predecessor-version":[{"id":5255,"href":"https:\/\/porndebate.com\/pt-br\/wp-json\/wp\/v2\/pages\/5254\/revisions\/5255"}],"wp:attachment":[{"href":"https:\/\/porndebate.com\/pt-br\/wp-json\/wp\/v2\/media?parent=5254"}],"curies":[{"name":"wp","href":"https:\/\/api.w.org\/{rel}","templated":true}]}}