{"id":2905,"date":"2024-07-01T18:26:04","date_gmt":"2024-07-01T18:26:04","guid":{"rendered":"https:\/\/porndebate.com\/contact\/"},"modified":"2025-04-08T21:10:11","modified_gmt":"2025-04-08T21:10:11","slug":"contact","status":"publish","type":"page","link":"https:\/\/porndebate.com\/fr\/contact\/","title":{"rendered":"Contact"},"content":{"rendered":"\r\n<div class=\"wp-block-columns is-layout-flex wp-container-core-columns-is-layout-1 wp-block-columns-is-layout-flex\">\r\n<div class=\"wp-block-column is-layout-flow wp-block-column-is-layout-flow\" style=\"flex-basis: 33.33%;\">&#13;\n<p>Bonjour \u00e0 tous !<\/p>&#13;\n\r\n\r\n&#13;\n<p>Nous vous remercions de l&rsquo;int\u00e9r\u00eat que vous portez \u00e0 Porn Debate et de l&rsquo;envie que vous avez de vous connecter avec nous. Vos commentaires, vos questions et vos r\u00e9flexions nous int\u00e9ressent beaucoup.<\/p>&#13;\n\r\n\r\n&#13;\n<p>Si vous avez une question \u00e0 poser ou si vous souhaitez simplement nous faire part de vos commentaires sur le site ou nos critiques, envoyez-nous un courriel \u00e0 l&rsquo;adresse <a href=\"mailto:info@porndebate.com\" target=\"_blank\" rel=\"noreferrer noopener\">info@porndebate.com<\/a>. Nous lisons personnellement chaque message et faisons de notre mieux pour y r\u00e9pondre dans un d\u00e9lai d&rsquo;un jour ou deux.<\/p>&#13;\n\r\n\r\n&#13;\n<p>Vous avez une question ou un commentaire sur un site pornographique sp\u00e9cifique que nous avons examin\u00e9 ? Il suffit d&rsquo;indiquer le nom du site dans l&rsquo;objet de votre courriel pour que nous sachions exactement de quoi vous parlez.<\/p>&#13;\n\r\n\r\n&#13;\n<p>\u00a0<\/p>&#13;\n<\/div>\r\n\r\n\r\n\r\n<div class=\"wp-block-column is-layout-flow wp-block-column-is-layout-flow\" style=\"flex-basis: 66.66%;\">\n<div class=\"wpcf7 no-js\" id=\"wpcf7-f783-o1\" lang=\"en-US\" dir=\"ltr\">\n<div class=\"screen-reader-response\"><p role=\"status\" aria-live=\"polite\" aria-atomic=\"true\"><\/p> <ul><\/ul><\/div>\n<form action=\"\/fr\/wp-json\/wp\/v2\/pages\/2905#wpcf7-f783-o1\" method=\"post\" class=\"wpcf7-form init\" aria-label=\"Contact form\" novalidate=\"novalidate\" data-status=\"init\">\n<div style=\"display: none;\">\n<input type=\"hidden\" name=\"_wpcf7\" value=\"783\" \/>\n<input type=\"hidden\" name=\"_wpcf7_version\" value=\"5.9.7\" \/>\n<input type=\"hidden\" name=\"_wpcf7_locale\" value=\"en_US\" \/>\n<input type=\"hidden\" name=\"_wpcf7_unit_tag\" value=\"wpcf7-f783-o1\" \/>\n<input type=\"hidden\" name=\"_wpcf7_container_post\" value=\"0\" \/>\n<input type=\"hidden\" name=\"_wpcf7_posted_data_hash\" value=\"\" \/>\n<\/div>\n<p><label> Your name<br \/>\n<span class=\"wpcf7-form-control-wrap\" data-name=\"your-name\"><input size=\"40\" maxlength=\"400\" class=\"wpcf7-form-control wpcf7-text wpcf7-validates-as-required\" autocomplete=\"name\" aria-required=\"true\" aria-invalid=\"false\" value=\"\" type=\"text\" name=\"your-name\" \/><\/span> <\/label>\n<\/p>\n<p><label> Your email<br \/>\n<span class=\"wpcf7-form-control-wrap\" data-name=\"your-email\"><input size=\"40\" maxlength=\"400\" class=\"wpcf7-form-control wpcf7-email wpcf7-validates-as-required wpcf7-text wpcf7-validates-as-email\" autocomplete=\"email\" aria-required=\"true\" aria-invalid=\"false\" value=\"\" type=\"email\" name=\"your-email\" \/><\/span> <\/label>\n<\/p>\n<p><label> Subject<br \/>\n<span class=\"wpcf7-form-control-wrap\" data-name=\"your-subject\"><input size=\"40\" maxlength=\"400\" class=\"wpcf7-form-control wpcf7-text wpcf7-validates-as-required\" aria-required=\"true\" aria-invalid=\"false\" value=\"\" type=\"text\" name=\"your-subject\" \/><\/span> <\/label>\n<\/p>\n<p><label> Your message (optional)<br \/>\n<span class=\"wpcf7-form-control-wrap\" data-name=\"your-message\"><textarea cols=\"40\" rows=\"10\" maxlength=\"2000\" class=\"wpcf7-form-control wpcf7-textarea\" aria-invalid=\"false\" name=\"your-message\"><\/textarea><\/span> <\/label>\n<\/p>\n<p><input class=\"wpcf7-form-control wpcf7-submit has-spinner\" type=\"submit\" value=\"Submit\" \/>\n<\/p><div class=\"wpcf7-response-output\" aria-hidden=\"true\"><\/div>\n<\/form>\n<\/div>\n\n<\/div>\r\n<\/div>\r\n","protected":false},"excerpt":{"rendered":"<p>&#13; Bonjour \u00e0 tous ! &#13; &#13; Nous vous remercions de l&rsquo;int\u00e9r\u00eat que vous portez \u00e0 Porn Debate et de l&rsquo;envie que vous avez de vous connecter avec nous. Vos commentaires, vos questions et vos r\u00e9flexions nous int\u00e9ressent beaucoup. &#13; &#13; Si vous avez une question \u00e0 poser ou si vous souhaitez simplement nous faire&#8230; <a class=\"moretag\" href=\"https:\/\/porndebate.com\/fr\/contact\/\">[Read the full review]<\/a><\/p>\n","protected":false},"author":1,"featured_media":0,"parent":0,"menu_order":0,"comment_status":"closed","ping_status":"closed","template":"","meta":{"_acf_changed":false,"footnotes":""},"class_list":["post-2905","page","type-page","status-publish","hentry"],"acf":[],"_links":{"self":[{"href":"https:\/\/porndebate.com\/fr\/wp-json\/wp\/v2\/pages\/2905","targetHints":{"allow":["GET"]}}],"collection":[{"href":"https:\/\/porndebate.com\/fr\/wp-json\/wp\/v2\/pages"}],"about":[{"href":"https:\/\/porndebate.com\/fr\/wp-json\/wp\/v2\/types\/page"}],"author":[{"embeddable":true,"href":"https:\/\/porndebate.com\/fr\/wp-json\/wp\/v2\/users\/1"}],"replies":[{"embeddable":true,"href":"https:\/\/porndebate.com\/fr\/wp-json\/wp\/v2\/comments?post=2905"}],"version-history":[{"count":1,"href":"https:\/\/porndebate.com\/fr\/wp-json\/wp\/v2\/pages\/2905\/revisions"}],"predecessor-version":[{"id":2906,"href":"https:\/\/porndebate.com\/fr\/wp-json\/wp\/v2\/pages\/2905\/revisions\/2906"}],"wp:attachment":[{"href":"https:\/\/porndebate.com\/fr\/wp-json\/wp\/v2\/media?parent=2905"}],"curies":[{"name":"wp","href":"https:\/\/api.w.org\/{rel}","templated":true}]}}