{"id":5258,"date":"2024-07-01T18:26:04","date_gmt":"2024-07-01T18:26:04","guid":{"rendered":"https:\/\/porndebate.com\/pongase-en-contacto-con\/"},"modified":"2025-07-05T07:07:28","modified_gmt":"2025-07-05T07:07:28","slug":"pongase-en-contacto-con","status":"publish","type":"page","link":"https:\/\/porndebate.com\/es\/pongase-en-contacto-con\/","title":{"rendered":"P\u00f3ngase en contacto con"},"content":{"rendered":"\r\n<div class=\"wp-block-columns is-layout-flex wp-container-core-columns-is-layout-1 wp-block-columns-is-layout-flex\">\r\n<div class=\"wp-block-column is-layout-flow wp-block-column-is-layout-flow\" style=\"flex-basis: 33.33%;\">&#13;\n<p>\u00a1Hola!<\/p>&#13;\n\r\n\r\n&#13;\n<p>Le agradecemos mucho que se interese por Porn Debate y que quiera ponerse en contacto con nosotros. Sus comentarios, preguntas y opiniones significan mucho para nosotros. <\/p>&#13;\n\r\n\r\n&#13;\n<p>Si quieres preguntarnos algo o simplemente compartir tu opini\u00f3n sobre el sitio o nuestras rese\u00f1as, escr\u00edbenos a <a href=\"mailto:info@porndebate.com\" target=\"_blank\" rel=\"noreferrer noopener\">info@porndebate.com<\/a>. Leemos personalmente todos los mensajes y hacemos todo lo posible por responder en uno o dos d\u00edas. <\/p>&#13;\n\r\n\r\n&#13;\n<p>\u00bfTienes alguna pregunta o comentario sobre un sitio porno en concreto? S\u00f3lo tienes que incluir el nombre del sitio en el asunto del correo electr\u00f3nico y sabremos exactamente de qu\u00e9 est\u00e1s hablando. <\/p>&#13;\n\r\n\r\n&#13;\n<p>\u00a0<\/p>&#13;\n<\/div>\r\n\r\n\r\n\r\n<div class=\"wp-block-column is-layout-flow wp-block-column-is-layout-flow\" style=\"flex-basis: 66.66%;\">\n<div class=\"wpcf7 no-js\" id=\"wpcf7-f783-o1\" lang=\"en-US\" dir=\"ltr\">\n<div class=\"screen-reader-response\"><p role=\"status\" aria-live=\"polite\" aria-atomic=\"true\"><\/p> <ul><\/ul><\/div>\n<form action=\"\/es\/wp-json\/wp\/v2\/pages\/5258#wpcf7-f783-o1\" method=\"post\" class=\"wpcf7-form init\" aria-label=\"Contact form\" novalidate=\"novalidate\" data-status=\"init\">\n<div style=\"display: none;\">\n<input type=\"hidden\" name=\"_wpcf7\" value=\"783\" \/>\n<input type=\"hidden\" name=\"_wpcf7_version\" value=\"5.9.7\" \/>\n<input type=\"hidden\" name=\"_wpcf7_locale\" value=\"en_US\" \/>\n<input type=\"hidden\" name=\"_wpcf7_unit_tag\" value=\"wpcf7-f783-o1\" \/>\n<input type=\"hidden\" name=\"_wpcf7_container_post\" value=\"0\" \/>\n<input type=\"hidden\" name=\"_wpcf7_posted_data_hash\" value=\"\" \/>\n<\/div>\n<p><label> Your name<br \/>\n<span class=\"wpcf7-form-control-wrap\" data-name=\"your-name\"><input size=\"40\" maxlength=\"400\" class=\"wpcf7-form-control wpcf7-text wpcf7-validates-as-required\" autocomplete=\"name\" aria-required=\"true\" aria-invalid=\"false\" value=\"\" type=\"text\" name=\"your-name\" \/><\/span> <\/label>\n<\/p>\n<p><label> Your email<br \/>\n<span class=\"wpcf7-form-control-wrap\" data-name=\"your-email\"><input size=\"40\" maxlength=\"400\" class=\"wpcf7-form-control wpcf7-email wpcf7-validates-as-required wpcf7-text wpcf7-validates-as-email\" autocomplete=\"email\" aria-required=\"true\" aria-invalid=\"false\" value=\"\" type=\"email\" name=\"your-email\" \/><\/span> <\/label>\n<\/p>\n<p><label> Subject<br \/>\n<span class=\"wpcf7-form-control-wrap\" data-name=\"your-subject\"><input size=\"40\" maxlength=\"400\" class=\"wpcf7-form-control wpcf7-text wpcf7-validates-as-required\" aria-required=\"true\" aria-invalid=\"false\" value=\"\" type=\"text\" name=\"your-subject\" \/><\/span> <\/label>\n<\/p>\n<p><label> Your message (optional)<br \/>\n<span class=\"wpcf7-form-control-wrap\" data-name=\"your-message\"><textarea cols=\"40\" rows=\"10\" maxlength=\"2000\" class=\"wpcf7-form-control wpcf7-textarea\" aria-invalid=\"false\" name=\"your-message\"><\/textarea><\/span> <\/label>\n<\/p>\n<p><input class=\"wpcf7-form-control wpcf7-submit has-spinner\" type=\"submit\" value=\"Submit\" \/>\n<\/p><div class=\"wpcf7-response-output\" aria-hidden=\"true\"><\/div>\n<\/form>\n<\/div>\n\n<\/div>\r\n<\/div>\r\n","protected":false},"excerpt":{"rendered":"<p>&#13; \u00a1Hola! &#13; &#13; Le agradecemos mucho que se interese por Porn Debate y que quiera ponerse en contacto con nosotros. Sus comentarios, preguntas y opiniones significan mucho para nosotros. &#13; &#13; Si quieres preguntarnos algo o simplemente compartir tu opini\u00f3n sobre el sitio o nuestras rese\u00f1as, escr\u00edbenos a info@porndebate.com. Leemos personalmente todos los mensajes&#8230; <a class=\"moretag\" href=\"https:\/\/porndebate.com\/es\/pongase-en-contacto-con\/\">[Read the full review]<\/a><\/p>\n","protected":false},"author":1,"featured_media":0,"parent":0,"menu_order":0,"comment_status":"closed","ping_status":"closed","template":"","meta":{"_acf_changed":false,"footnotes":""},"class_list":["post-5258","page","type-page","status-publish","hentry"],"acf":[],"_links":{"self":[{"href":"https:\/\/porndebate.com\/es\/wp-json\/wp\/v2\/pages\/5258","targetHints":{"allow":["GET"]}}],"collection":[{"href":"https:\/\/porndebate.com\/es\/wp-json\/wp\/v2\/pages"}],"about":[{"href":"https:\/\/porndebate.com\/es\/wp-json\/wp\/v2\/types\/page"}],"author":[{"embeddable":true,"href":"https:\/\/porndebate.com\/es\/wp-json\/wp\/v2\/users\/1"}],"replies":[{"embeddable":true,"href":"https:\/\/porndebate.com\/es\/wp-json\/wp\/v2\/comments?post=5258"}],"version-history":[{"count":1,"href":"https:\/\/porndebate.com\/es\/wp-json\/wp\/v2\/pages\/5258\/revisions"}],"predecessor-version":[{"id":5259,"href":"https:\/\/porndebate.com\/es\/wp-json\/wp\/v2\/pages\/5258\/revisions\/5259"}],"wp:attachment":[{"href":"https:\/\/porndebate.com\/es\/wp-json\/wp\/v2\/media?parent=5258"}],"curies":[{"name":"wp","href":"https:\/\/api.w.org\/{rel}","templated":true}]}}