{"id":2903,"date":"2015-01-29T08:49:59","date_gmt":"2015-01-29T08:49:59","guid":{"rendered":"https:\/\/porndebate.com\/ueber-uns\/"},"modified":"2025-04-08T21:02:04","modified_gmt":"2025-04-08T21:02:04","slug":"ueber-uns","status":"publish","type":"page","link":"https:\/\/porndebate.com\/de\/ueber-uns\/","title":{"rendered":"\u00dcber uns"},"content":{"rendered":"&#13;\n<p><strong data-start=\"50\" data-end=\"98\">Hallo, hier sind die Porno-Debatten-Admins.<\/strong>  Wir sind schon l\u00e4nger in der Unterhaltungsindustrie f\u00fcr Erwachsene t\u00e4tig, als wir zugeben wollen. Im Laufe der Jahre haben wir eine ganze Reihe mieser Pornoseiten gesehen &#8211; Sie wissen schon, die mit den miesen Videos, der zweifelhaften Werbung und mehr Viren als ein billiges Bordell. Ehrlich gesagt, hatten wir es satt, unsere Zeit mit minderwertigem Schmutz zu verschwenden.<\/p>&#13;\n&#13;\n<h2 class=\"wp-block-heading\">Unser Auftrag<\/h2>&#13;\n&#13;\n<p>Wir haben Porn Debate ins Leben gerufen, um Perversen wie Ihnen dabei zu helfen, die besten Angebote im Bereich der Online-Unterhaltung f\u00fcr Erwachsene zu finden. Wir haben es uns zur Aufgabe gemacht, den riesigen Ozean an Pornoseiten zu \u00fcberpr\u00fcfen und zu bewerten, damit Sie nicht stundenlang den Abschaum des Internets durchforsten m\u00fcssen, nur um sich einen runterzuholen.<\/p>&#13;\n&#13;\n<h2 class=\"wp-block-heading\">Unser \u00dcberpr\u00fcfungsprozess<\/h2>&#13;\n&#13;\n<p class=\"\" data-start=\"793\" data-end=\"1231\">Wenn wir sagen, dass wir diese Seiten \u00fcberpr\u00fcfen, dann meinen wir das auch so &#8211; ganz gleich, ob es sich um Live-Cam-Seiten, Premium-Porno-Plattformen, VR-Pornos oder Hentai-Comics handelt. Wir testen jede einzelne Seite auf Porn Debate pers\u00f6nlich und tauchen tief in die Wichsvorlagen ein, um Ihnen die detailliertesten, ehrlichsten und unvoreingenommensten Bewertungen zu geben, die m\u00f6glich sind. Wir sind nicht hier, um Sie zu verarschen oder Dinge zu besch\u00f6nigen &#8211; wenn eine Website ein dampfender Haufen Mist ist, sagen wir es Ihnen geradeheraus.<\/p>&#13;\n<p class=\"\" data-start=\"1233\" data-end=\"1530\">Bei so vielen Websites, Kategorien und Kniffen ist es schwer zu wissen, wo man anfangen soll. Hier kommen unsere ausf\u00fchrlichen Bewertungen und sorgf\u00e4ltig kuratierten Rankings ins Spiel. Wir helfen Ihnen dabei, genau das zu finden, wonach Sie suchen, egal ob Sie ein Vanille-Softcore-Typ oder ein Hardcore-Fetisch-Freak sind.<\/p>&#13;\n<p class=\"\" data-start=\"1532\" data-end=\"1779\">Letztendlich sind wir ganz normale Leute, die Pornos lieben und es hassen, ihre Zeit auf beschissenen Seiten zu verschwenden. Wir haben unser Blut, unseren Schwei\u00df und andere K\u00f6rperfl\u00fcssigkeiten in Porn Debate gesteckt, um die ultimative Ressource f\u00fcr die Suche nach den besten Websites f\u00fcr Erwachsene im Internet zu schaffen.<\/p>&#13;\n<p class=\"\" data-start=\"1781\" data-end=\"1885\">Wenn Sie sich mit uns in Verbindung setzen m\u00f6chten, gehen Sie auf die Seite Kontakt oder senden Sie eine E-Mail an <strong><a rel=\"noopener\" data-start=\"1863\" data-end=\"1882\">info@porndebate.com.<\/a><\/strong><\/p>&#13;\n","protected":false},"excerpt":{"rendered":"<p>&#13; Hallo, hier sind die Porno-Debatten-Admins. Wir sind schon l\u00e4nger in der Unterhaltungsindustrie f\u00fcr Erwachsene t\u00e4tig, als wir zugeben wollen. Im Laufe der Jahre haben wir eine ganze Reihe mieser Pornoseiten gesehen &#8211; Sie wissen schon, die mit den miesen Videos, der zweifelhaften Werbung und mehr Viren als ein billiges Bordell. Ehrlich gesagt, hatten wir&#8230; <a class=\"moretag\" href=\"https:\/\/porndebate.com\/de\/ueber-uns\/\">[Read the full review]<\/a><\/p>\n","protected":false},"author":1,"featured_media":0,"parent":0,"menu_order":0,"comment_status":"closed","ping_status":"closed","template":"","meta":{"_acf_changed":false,"footnotes":""},"class_list":["post-2903","page","type-page","status-publish","hentry"],"acf":[],"_links":{"self":[{"href":"https:\/\/porndebate.com\/de\/wp-json\/wp\/v2\/pages\/2903","targetHints":{"allow":["GET"]}}],"collection":[{"href":"https:\/\/porndebate.com\/de\/wp-json\/wp\/v2\/pages"}],"about":[{"href":"https:\/\/porndebate.com\/de\/wp-json\/wp\/v2\/types\/page"}],"author":[{"embeddable":true,"href":"https:\/\/porndebate.com\/de\/wp-json\/wp\/v2\/users\/1"}],"replies":[{"embeddable":true,"href":"https:\/\/porndebate.com\/de\/wp-json\/wp\/v2\/comments?post=2903"}],"version-history":[{"count":1,"href":"https:\/\/porndebate.com\/de\/wp-json\/wp\/v2\/pages\/2903\/revisions"}],"predecessor-version":[{"id":2904,"href":"https:\/\/porndebate.com\/de\/wp-json\/wp\/v2\/pages\/2903\/revisions\/2904"}],"wp:attachment":[{"href":"https:\/\/porndebate.com\/de\/wp-json\/wp\/v2\/media?parent=2903"}],"curies":[{"name":"wp","href":"https:\/\/api.w.org\/{rel}","templated":true}]}}